{"id":108,"date":"2017-07-25T16:59:26","date_gmt":"2017-07-25T13:59:26","guid":{"rendered":"http:\/\/www.gabion.com.tr\/referanslar"},"modified":"2018-06-26T16:30:53","modified_gmt":"2018-06-26T13:30:53","slug":"references","status":"publish","type":"page","link":"https:\/\/www.gabion.com.tr\/en\/references","title":{"rendered":"References"},"content":{"rendered":"<ul>\n<li>SUPPLY OF HAS \u00c7EL\u0130K RETAINING STRUCTURES MESHED POLYESTER GEOTEXTILE (TELEVEV) MATERIAL<\/li>\n<li>APPLICATION OF WIRE MESH (STEEL GRID) AGAINST ROCK FALLS IN BM \u0130N\u015eAAT ARTV\u0130N ARPA PROJECT<\/li>\n<li>SUPPLY OF ASPHALT GEOGRID MATERIAL FOR \u0130STANBUL TEM HIGHWAY ASPHALT GEOGRID APPLICATION (FOR REINFORCEMENT AGAINST REFLECTION CRACKS)<\/li>\n<li>SUPPLY OF HDPE GEOMEMBRANE AND GEOSYNTHEETIC CLAY COVER MATERIAL FOR ISOLATION OF ANKARA METROPOLITAN MUNICIPALITY MEDICAL WASTE LOTS<\/li>\n<li>SUPPLY OF DOUBLE SIDED GEOGRID (TELEGRID) MATERIAL FOR ZORLU HASDAL PROJECT GOURND REINFORCEMENT<\/li>\n<li>GEOMAT MATERIAL SUPPLY FOR SLOPES AND SUPERVISION SERVICES IN CFCU MER\u0130\u00c7 RIVER IMPROVEMENT (FOR RIVERBED IMPROVEMENT).<\/li>\n<li>GABION+GEOGRID (TELEGRID) REINFORCED RETAINIG STRUCTURES WAL APPLICATION ON TCK SAMSUN REGION TOKAT RE\u015eAD\u0130YE WEAK SOIL PASSAGES<\/li>\n<li>GEOGRID (TELEGRID) MATERIAL SUPPLY AND SUPERVISION SERVICES FOR MSB ERZURUM GEOGR\u0130D REINFORCED RETAINING STRUCTURES WITH BLOCK ON THE FRONT FACE.<\/li>\n<li>PRECIPITATION OF LOOSE ROCKS, SURFACE COATING WITH STEEL GRID (WIRE MESH) AND APPLYING ROCK BARRIER AGAINST ROCK FALLS IN EUA\u015e HASAN U\u011eURLU DAM <\/li>\n<li>STEEL GRID (WIRE MESH) APPLICATION IN TCK ANTALYA REGION ANTALYA ISPARTA ROAD ON LOOSE ROCK SURFACES AGANST ROCK FALLS<\/li>\n<li>SUPPLY OF NONWOVEN GEOTEXTILE MATERIAL FOR NONWOVEN GEOTEXTILE APPLICATION FOR WEAK SOIL REINFORCEMENT IN BORUSAN \u00c7ATALCA <\/li>\n<li>STEEL GRID (WIRE MESH) AND GREEN COVER APPLICATION IN MASLAK T\u0130LAGA TUR\u0130ZM SPLIT SURFACES FOR REINFORCEMENT<\/li>\n<li>SUPPLY OF WOVEN POLYESTER GEOGRID (TELEGRID) MATERIAL FOR  SARITA\u015e RETAININ WALL STRUCTURES<\/li>\n<li>COMPOSITE GRID AND ROCK BARRIER APPLICATION FOR SOYAK ENERJ\u0130 ERZURUM G\u00dcLL\u00dcBA\u011e PROJECT<\/li>\n<li>TCDD STEEL COMPOSITE GRID APPLICATION<\/li>\n<li>STEEL GRID (PROTECTION WEB) APPLICATION AGAINST ROCK FALL PROBLEMS IN Y\u00dcKSEL \u0130N\u015eAAT HPP PROJECT<\/li>\n<li>STEEL GRID APPLICATION (ASPHALT STEEL GRID) FOR TEM HIGHWAY REINFORCEMENT<\/li>\n<li>STEEL GRID (PROTECTION WEB) APPLICATION AGAINST ROCK FALL PROBLEMS IN KOL\u0130N \u0130N\u015eAAT <\/li>\n<li>ROCK BARRIER AGAINST ROCK FALLS, STEEL GRID (PROTECTION WEB) AND SLOPE CLEANING BY PROFESSIONAL MOUNTAINEERS IN ENERJ\u0130SA HPP PROJECTS <\/li>\n<li>GARION + GEOGRID REINFORCED WALL PRODUCTION FOR GENERAL DIRECTORATE OF HIGHWAYS SAMSUN REGION<\/li>\n<li>REOGRID (terramesh) REINFORCED RETAINING WALL APPLICATION FOR S\u0130NPA\u015e \u0130STANBUL PALACES PROJECT FRONT FACADE<\/li>\n<\/ul>\n","protected":false},"excerpt":{"rendered":"<p>SUPPLY OF HAS \u00c7EL\u0130K RETAINING STRUCTURES MESHED POLYESTER GEOTEXTILE (TELEVEV) MATERIAL APPLICATION OF WIRE MESH (STEEL GRID) AGAINST ROCK FALLS IN BM \u0130N\u015eAAT ARTV\u0130N ARPA PROJECT<span class=\"excerpt-hellip\"> [\u2026]<\/span><\/p>\n","protected":false},"author":1,"featured_media":0,"parent":0,"menu_order":0,"comment_status":"closed","ping_status":"closed","template":"","meta":{"rs_blank_template":"","rs_page_bg_color":"","slide_template_v7":"","footnotes":""},"class_list":["post-108","page","type-page","status-publish","hentry"],"_links":{"self":[{"href":"https:\/\/www.gabion.com.tr\/en\/wp-json\/wp\/v2\/pages\/108","targetHints":{"allow":["GET"]}}],"collection":[{"href":"https:\/\/www.gabion.com.tr\/en\/wp-json\/wp\/v2\/pages"}],"about":[{"href":"https:\/\/www.gabion.com.tr\/en\/wp-json\/wp\/v2\/types\/page"}],"author":[{"embeddable":true,"href":"https:\/\/www.gabion.com.tr\/en\/wp-json\/wp\/v2\/users\/1"}],"replies":[{"embeddable":true,"href":"https:\/\/www.gabion.com.tr\/en\/wp-json\/wp\/v2\/comments?post=108"}],"version-history":[{"count":2,"href":"https:\/\/www.gabion.com.tr\/en\/wp-json\/wp\/v2\/pages\/108\/revisions"}],"predecessor-version":[{"id":110,"href":"https:\/\/www.gabion.com.tr\/en\/wp-json\/wp\/v2\/pages\/108\/revisions\/110"}],"wp:attachment":[{"href":"https:\/\/www.gabion.com.tr\/en\/wp-json\/wp\/v2\/media?parent=108"}],"curies":[{"name":"wp","href":"https:\/\/api.w.org\/{rel}","templated":true}]}}